{"id":131673,"date":"2024-10-13T12:29:51","date_gmt":"2024-10-13T12:29:51","guid":{"rendered":"https:\/\/scandicrekruttering.com\/beem\/"},"modified":"2025-09-25T11:38:57","modified_gmt":"2025-09-25T11:38:57","slug":"beem","status":"publish","type":"page","link":"https:\/\/scandicrekruttering.com\/no\/beem\/","title":{"rendered":"Beem"},"content":{"rendered":"\t\t<div data-elementor-type=\"wp-page\" data-elementor-id=\"131673\" class=\"elementor elementor-131673 elementor-109373\" data-elementor-post-type=\"page\">\n\t\t\t\t\t\t<section class=\"elementor-section elementor-top-section elementor-element elementor-element-409fdc1 elementor-section-full_width elementor-section-stretched elementor-section-height-default elementor-section-height-default\" data-id=\"409fdc1\" data-element_type=\"section\" data-e-type=\"section\" data-settings=\"{&quot;stretch_section&quot;:&quot;section-stretched&quot;,&quot;background_background&quot;:&quot;classic&quot;}\">\n\t\t\t\t\t\t\t<div class=\"elementor-background-overlay\"><\/div>\n\t\t\t\t\t\t\t<div class=\"elementor-container elementor-column-gap-no\">\n\t\t\t\t\t<div class=\"elementor-column elementor-col-100 elementor-top-column elementor-element elementor-element-4571523\" data-id=\"4571523\" data-element_type=\"column\" data-e-type=\"column\">\n\t\t\t<div class=\"elementor-widget-wrap elementor-element-populated\">\n\t\t\t\t\t\t<div class=\"elementor-element elementor-element-5c2246d5 elementor-widget elementor-widget-heading\" data-id=\"5c2246d5\" data-element_type=\"widget\" data-e-type=\"widget\" data-widget_type=\"heading.default\">\n\t\t\t\t<div class=\"elementor-widget-container\">\n\t\t\t\t\t<h2 class=\"elementor-heading-title elementor-size-default\">BEEM-partnerskapsprogrammet<\/h2>\t\t\t\t<\/div>\n\t\t\t\t<\/div>\n\t\t\t\t<div class=\"elementor-element elementor-element-aac2484 elementor-widget elementor-widget-heading\" data-id=\"aac2484\" data-element_type=\"widget\" data-e-type=\"widget\" data-widget_type=\"heading.default\">\n\t\t\t\t<div class=\"elementor-widget-container\">\n\t\t\t\t\t<h3 class=\"elementor-heading-title elementor-size-default\">Innovative HR- og rekrutteringsl\u00f8sninger i samarbeid med Nordic HR, Hjorton AB og Scandic HR Ltd (Storbritannia)<\/h3>\t\t\t\t<\/div>\n\t\t\t\t<\/div>\n\t\t\t\t\t<\/div>\n\t\t<\/div>\n\t\t\t\t\t<\/div>\n\t\t<\/section>\n\t\t\t\t<section class=\"elementor-section elementor-top-section elementor-element elementor-element-21f96960 elementor-section-stretched elementor-section-content-middle elementor-section-boxed elementor-section-height-default elementor-section-height-default\" data-id=\"21f96960\" data-element_type=\"section\" data-e-type=\"section\" data-settings=\"{&quot;stretch_section&quot;:&quot;section-stretched&quot;}\">\n\t\t\t\t\t\t<div class=\"elementor-container elementor-column-gap-default\">\n\t\t\t\t\t<div class=\"elementor-column elementor-col-100 elementor-top-column elementor-element elementor-element-2934885b\" data-id=\"2934885b\" data-element_type=\"column\" data-e-type=\"column\">\n\t\t\t<div class=\"elementor-widget-wrap elementor-element-populated\">\n\t\t\t\t\t\t<div class=\"elementor-element elementor-element-6a5e8e6e bluheading elementor-widget elementor-widget-text-editor\" data-id=\"6a5e8e6e\" data-element_type=\"widget\" data-e-type=\"widget\" data-widget_type=\"text-editor.default\">\n\t\t\t\t<div class=\"elementor-widget-container\">\n\t\t\t\t\t\t\t\t\t<h2>Om BEEM<\/h2><p>BEEM-partnerskapet er utformet for \u00e5 revolusjonere HR og rekruttering ved \u00e5 kombinere ekspertisen fra den nordiske arbeidskulturen og Scandic Rekruttering.<\/p><p>Gjennom banebrytende teknologi leverer vi skreddersydde HR-l\u00f8sninger tilpasset dine forretningsbehov, enten det er lokalt eller globalt.<\/p>\t\t\t\t\t\t\t\t<\/div>\n\t\t\t\t<\/div>\n\t\t\t\t<div class=\"elementor-element elementor-element-fc5615e bluheading elementor-widget elementor-widget-text-editor\" data-id=\"fc5615e\" data-element_type=\"widget\" data-e-type=\"widget\" data-widget_type=\"text-editor.default\">\n\t\t\t\t<div class=\"elementor-widget-container\">\n\t\t\t\t\t\t\t\t\t<h2>Hvorfor velge BEEM?<\/h2><ul><li><strong>Globalt nettverk:<\/strong>\u00a0Tilgang til ledende talentpooler i Europa, med fokus p\u00e5 Norge, Sverige og Storbritannia.<\/li><li><strong>Tilpassede l\u00f8sninger:<\/strong>\u00a0Skreddersydde HR-strategier som passer bedrifter i alle st\u00f8rrelser, fra oppstartsbedrifter til multinasjonale selskaper.<\/li><li><strong>Skalerbar og fleksibel:<\/strong>\u00a0Vi tilbyr tilpasningsdyktige tjenester for prosjektbasert, midlertidig eller permanent bemanning.<\/li><li><strong>Internasjonal rekruttering:<\/strong>\u00a0Omfattende visum- og arbeidstillatelsesl\u00f8sninger for bedrifter som ansetter utenfor hjemlandet.<\/li><\/ul>\t\t\t\t\t\t\t\t<\/div>\n\t\t\t\t<\/div>\n\t\t\t\t<div class=\"elementor-element elementor-element-b3d6742 bluheading elementor-widget elementor-widget-text-editor\" data-id=\"b3d6742\" data-element_type=\"widget\" data-e-type=\"widget\" data-widget_type=\"text-editor.default\">\n\t\t\t\t<div class=\"elementor-widget-container\">\n\t\t\t\t\t\t\t\t\t<h2>V\u00e5re viktigste tjenester<\/h2>\n<ul>\n \t<li><strong>Rekruttering i full syklus:<\/strong>\u00a0Komplette ansettelsesl\u00f8sninger som sikrer den perfekte matchen for dine forretningsbehov.<\/li>\n<li><strong>HR-r\u00e5dgivning:<\/strong>\u00a0Profesjonell r\u00e5dgivning for \u00e5 optimalisere HR-strategien din og forbedre medarbeiderengasjementet.<\/li>\n<li><strong>Midlertidig og kontraktsbemanning:<\/strong>\u00a0Fleksible bemanningsalternativer for dine kortsiktige eller prosjektbehov.<\/li>\n<li><strong>Internasjonal talentrekruttering:<\/strong>\u00a0Tilrettelegging av global rekruttering med behandling av visum og arbeidstillatelser.<\/li>\n<li><strong>Samsvar og l\u00f8nn:<\/strong>\u00a0S\u00f8rg for samsvar med juridiske og regulatoriske krav i flere regioner med s\u00f8ml\u00f8s l\u00f8nnsh\u00e5ndtering.<\/li>\n<\/ul>\t\t\t\t\t\t\t\t<\/div>\n\t\t\t\t<\/div>\n\t\t\t\t<div class=\"elementor-element elementor-element-8555bf7 bluheading elementor-widget elementor-widget-text-editor\" data-id=\"8555bf7\" data-element_type=\"widget\" data-e-type=\"widget\" data-widget_type=\"text-editor.default\">\n\t\t\t\t<div class=\"elementor-widget-container\">\n\t\t\t\t\t\t\t\t\t<h2>Hvorfor BEEM skiller seg ut<\/h2><p>Med en unik blanding av ekspertise fra ledende rekrutteringsbyr\u00e5er \u2013 som Nordic HR, Hjorton AB og Scandic Rekruttering \u2013 er BEEM-partnerskapet bygget for \u00e5 tilby omfattende, kompatible og skalerbare l\u00f8sninger for bedrifter som s\u00f8ker topptalenter.<\/p>\t\t\t\t\t\t\t\t<\/div>\n\t\t\t\t<\/div>\n\t\t\t\t<div class=\"elementor-element elementor-element-c5bb1a2 bluheading elementor-widget elementor-widget-text-editor\" data-id=\"c5bb1a2\" data-element_type=\"widget\" data-e-type=\"widget\" data-widget_type=\"text-editor.default\">\n\t\t\t\t<div class=\"elementor-widget-container\">\n\t\t\t\t\t\t\t\t\t<h2>Ta kontakt<\/h2><p>Kontakt oss for \u00e5 l\u00e6re mer om hvordan BEEM-partnerskapet kan st\u00f8tte bedriftens vekst.<\/p><p><strong>E-post:<\/strong>\u00a0info@scandicrekruttering.com<\/p><p><strong>Telefon:<\/strong> +47 481 78 509<\/p>\t\t\t\t\t\t\t\t<\/div>\n\t\t\t\t<\/div>\n\t\t\t\t\t<\/div>\n\t\t<\/div>\n\t\t\t\t\t<\/div>\n\t\t<\/section>\n\t\t\t\t<\/div>\n\t\t","protected":false},"excerpt":{"rendered":"<p>BEEM-partnerskapsprogrammet Innovative HR- og rekrutteringsl\u00f8sninger i samarbeid med Nordic HR, Hjorton AB og Scandic HR Ltd (Storbritannia) Om BEEM BEEM-partnerskapet er utformet for \u00e5 revolusjonere HR og rekruttering ved \u00e5 kombinere ekspertisen fra den nordiske arbeidskulturen og Scandic Rekruttering. Gjennom banebrytende teknologi leverer vi skreddersydde HR-l\u00f8sninger tilpasset dine forretningsbehov, enten det er lokalt eller globalt. Hvorfor velge BEEM? Globalt nettverk:\u00a0Tilgang til ledende talentpooler i Europa, med fokus p\u00e5 Norge, Sverige og Storbritannia. Tilpassede l\u00f8sninger:\u00a0Skreddersydde HR-strategier som passer bedrifter i alle st\u00f8rrelser, fra oppstartsbedrifter til multinasjonale selskaper. Skalerbar og fleksibel:\u00a0Vi tilbyr tilpasningsdyktige tjenester for prosjektbasert, midlertidig eller permanent bemanning. Internasjonal rekruttering:\u00a0Omfattende visum- og arbeidstillatelsesl\u00f8sninger for bedrifter som ansetter utenfor hjemlandet. V\u00e5re viktigste tjenester Rekruttering i full syklus:\u00a0Komplette ansettelsesl\u00f8sninger som sikrer den perfekte matchen for dine forretningsbehov. HR-r\u00e5dgivning:\u00a0Profesjonell r\u00e5dgivning for \u00e5 optimalisere HR-strategien din og forbedre medarbeiderengasjementet. Midlertidig og kontraktsbemanning:\u00a0Fleksible bemanningsalternativer for dine kortsiktige eller prosjektbehov. Internasjonal talentrekruttering:\u00a0Tilrettelegging av global rekruttering med behandling av visum og arbeidstillatelser. Samsvar og l\u00f8nn:\u00a0S\u00f8rg for samsvar med juridiske og regulatoriske krav i flere regioner med s\u00f8ml\u00f8s l\u00f8nnsh\u00e5ndtering. Hvorfor BEEM skiller seg ut Med en unik blanding av ekspertise fra ledende rekrutteringsbyr\u00e5er \u2013 som Nordic HR, Hjorton AB og Scandic Rekruttering \u2013 er BEEM-partnerskapet bygget for \u00e5&#8230;.<\/p>\n","protected":false},"author":2,"featured_media":0,"parent":0,"menu_order":0,"comment_status":"closed","ping_status":"closed","template":"","meta":{"footnotes":""},"class_list":["post-131673","page","type-page","status-publish","hentry"],"_links":{"self":[{"href":"https:\/\/scandicrekruttering.com\/no\/wp-json\/wp\/v2\/pages\/131673","targetHints":{"allow":["GET"]}}],"collection":[{"href":"https:\/\/scandicrekruttering.com\/no\/wp-json\/wp\/v2\/pages"}],"about":[{"href":"https:\/\/scandicrekruttering.com\/no\/wp-json\/wp\/v2\/types\/page"}],"author":[{"embeddable":true,"href":"https:\/\/scandicrekruttering.com\/no\/wp-json\/wp\/v2\/users\/2"}],"replies":[{"embeddable":true,"href":"https:\/\/scandicrekruttering.com\/no\/wp-json\/wp\/v2\/comments?post=131673"}],"version-history":[{"count":13,"href":"https:\/\/scandicrekruttering.com\/no\/wp-json\/wp\/v2\/pages\/131673\/revisions"}],"predecessor-version":[{"id":224650,"href":"https:\/\/scandicrekruttering.com\/no\/wp-json\/wp\/v2\/pages\/131673\/revisions\/224650"}],"wp:attachment":[{"href":"https:\/\/scandicrekruttering.com\/no\/wp-json\/wp\/v2\/media?parent=131673"}],"curies":[{"name":"wp","href":"https:\/\/api.w.org\/{rel}","templated":true}]}}