{"id":224039,"date":"2024-10-13T12:29:51","date_gmt":"2024-10-13T12:29:51","guid":{"rendered":"https:\/\/scandicrekruttering.com\/beem\/"},"modified":"2025-09-25T12:12:10","modified_gmt":"2025-09-25T12:12:10","slug":"beem","status":"publish","type":"page","link":"https:\/\/scandicrekruttering.com\/sv\/beem\/","title":{"rendered":"Beem"},"content":{"rendered":"\t\t<div data-elementor-type=\"wp-page\" data-elementor-id=\"224039\" class=\"elementor elementor-224039 elementor-109373\" data-elementor-post-type=\"page\">\n\t\t\t\t\t\t<section class=\"elementor-section elementor-top-section elementor-element elementor-element-409fdc1 elementor-section-full_width elementor-section-stretched elementor-section-height-default elementor-section-height-default\" data-id=\"409fdc1\" data-element_type=\"section\" data-e-type=\"section\" data-settings=\"{&quot;stretch_section&quot;:&quot;section-stretched&quot;,&quot;background_background&quot;:&quot;classic&quot;}\">\n\t\t\t\t\t\t\t<div class=\"elementor-background-overlay\"><\/div>\n\t\t\t\t\t\t\t<div class=\"elementor-container elementor-column-gap-no\">\n\t\t\t\t\t<div class=\"elementor-column elementor-col-100 elementor-top-column elementor-element elementor-element-4571523\" data-id=\"4571523\" data-element_type=\"column\" data-e-type=\"column\">\n\t\t\t<div class=\"elementor-widget-wrap elementor-element-populated\">\n\t\t\t\t\t\t<div class=\"elementor-element elementor-element-5c2246d5 elementor-widget elementor-widget-heading\" data-id=\"5c2246d5\" data-element_type=\"widget\" data-e-type=\"widget\" data-widget_type=\"heading.default\">\n\t\t\t\t<div class=\"elementor-widget-container\">\n\t\t\t\t\t<h2 class=\"elementor-heading-title elementor-size-default\">BEEM-partnerskapsprogrammet<\/h2>\t\t\t\t<\/div>\n\t\t\t\t<\/div>\n\t\t\t\t<div class=\"elementor-element elementor-element-aac2484 elementor-widget elementor-widget-heading\" data-id=\"aac2484\" data-element_type=\"widget\" data-e-type=\"widget\" data-widget_type=\"heading.default\">\n\t\t\t\t<div class=\"elementor-widget-container\">\n\t\t\t\t\t<h3 class=\"elementor-heading-title elementor-size-default\">Innovativa HR- och rekryteringsl\u00f6sningar i samarbete med Nordic HR, Hjorton AB och Scandic HR Ltd (Storbritannien)<\/h3>\t\t\t\t<\/div>\n\t\t\t\t<\/div>\n\t\t\t\t\t<\/div>\n\t\t<\/div>\n\t\t\t\t\t<\/div>\n\t\t<\/section>\n\t\t\t\t<section class=\"elementor-section elementor-top-section elementor-element elementor-element-21f96960 elementor-section-stretched elementor-section-content-middle elementor-section-boxed elementor-section-height-default elementor-section-height-default\" data-id=\"21f96960\" data-element_type=\"section\" data-e-type=\"section\" data-settings=\"{&quot;stretch_section&quot;:&quot;section-stretched&quot;}\">\n\t\t\t\t\t\t<div class=\"elementor-container elementor-column-gap-default\">\n\t\t\t\t\t<div class=\"elementor-column elementor-col-100 elementor-top-column elementor-element elementor-element-2934885b\" data-id=\"2934885b\" data-element_type=\"column\" data-e-type=\"column\">\n\t\t\t<div class=\"elementor-widget-wrap elementor-element-populated\">\n\t\t\t\t\t\t<div class=\"elementor-element elementor-element-6a5e8e6e bluheading elementor-widget elementor-widget-text-editor\" data-id=\"6a5e8e6e\" data-element_type=\"widget\" data-e-type=\"widget\" data-widget_type=\"text-editor.default\">\n\t\t\t\t<div class=\"elementor-widget-container\">\n\t\t\t\t\t\t\t\t\t<h2>Om BEEM<\/h2>\nBEEM-partnerskapet \u00e4r utformat f\u00f6r att revolutionera HR och rekrytering genom att kombinera expertisen fr\u00e5n den nordiska arbetskulturen och Scandic Rekruttering.\nGenom spetsteknologi levererar vi skr\u00e4ddarsydda HR-l\u00f6sningar anpassade efter era aff\u00e4rsbehov, oavsett om de \u00e4r lokala eller globala.\t\t\t\t\t\t\t\t<\/div>\n\t\t\t\t<\/div>\n\t\t\t\t<div class=\"elementor-element elementor-element-fc5615e bluheading elementor-widget elementor-widget-text-editor\" data-id=\"fc5615e\" data-element_type=\"widget\" data-e-type=\"widget\" data-widget_type=\"text-editor.default\">\n\t\t\t\t<div class=\"elementor-widget-container\">\n\t\t\t\t\t\t\t\t\t<h2>Varf\u00f6r v\u00e4lja BEEM?<\/h2>\n<ul>\n<li><strong>Globalt n\u00e4tverk:<\/strong>\u00a0Tillg\u00e5ng till de b\u00e4sta talangpoolerna i hela Europa, med fokus p\u00e5 Norge, Sverige och Storbritannien.<\/li>\n<li><strong>Anpassade l\u00f6sningar:<\/strong>\u00a0Skr\u00e4ddarsydda HR-strategier f\u00f6r att passa f\u00f6retag av alla storlekar, fr\u00e5n startups till multinationella f\u00f6retag.<\/li>\n<li><strong>Skalbar och flexibel:<\/strong>\u00a0Vi erbjuder anpassningsbara tj\u00e4nster f\u00f6r projektbaserad, tillf\u00e4llig eller permanent bemanning.<\/li>\n<li><strong>Internationell rekrytering:<\/strong>\u00a0Omfattande visum- och arbetstillst\u00e5ndsl\u00f6sningar f\u00f6r f\u00f6retag som anst\u00e4ller utanf\u00f6r sina heml\u00e4nder.<\/li>\n<\/ul>\t\t\t\t\t\t\t\t<\/div>\n\t\t\t\t<\/div>\n\t\t\t\t<div class=\"elementor-element elementor-element-b3d6742 bluheading elementor-widget elementor-widget-text-editor\" data-id=\"b3d6742\" data-element_type=\"widget\" data-e-type=\"widget\" data-widget_type=\"text-editor.default\">\n\t\t\t\t<div class=\"elementor-widget-container\">\n\t\t\t\t\t\t\t\t\t<h2>V\u00e5ra viktigaste tj\u00e4nster<\/h2>\n<ul>\n<li><strong>Rekrytering f\u00f6r hela cykeln:<\/strong>\u00a0Helhetsl\u00f6sningar f\u00f6r rekrytering som s\u00e4kerst\u00e4ller den perfekta matchningen f\u00f6r dina aff\u00e4rsbehov.<\/li>\n<li><strong>HR-konsultation:<\/strong>\u00a0Professionell r\u00e5dgivning f\u00f6r att optimera din HR-strategi och f\u00f6rb\u00e4ttra medarbetarnas engagemang.<\/li>\n<li><strong>Tillf\u00e4llig och kontrakterad bemanning:<\/strong>\u00a0Flexibla bemanningsalternativ f\u00f6r dina kortsiktiga eller projektm\u00e4ssiga behov.<\/li>\n<li><strong>Internationell talangf\u00f6rv\u00e4rv:<\/strong>\u00a0Underl\u00e4ttning av global rekrytering med visum- och arbetstillst\u00e5ndshantering.<\/li>\n<li><strong>Efterlevnad och l\u00f6nehantering:<\/strong>\u00a0S\u00e4kerst\u00e4ll efterlevnad av lagar och regler i flera regioner med s\u00f6ml\u00f6s l\u00f6nehantering.<\/li>\n<\/ul>\t\t\t\t\t\t\t\t<\/div>\n\t\t\t\t<\/div>\n\t\t\t\t<div class=\"elementor-element elementor-element-8555bf7 bluheading elementor-widget elementor-widget-text-editor\" data-id=\"8555bf7\" data-element_type=\"widget\" data-e-type=\"widget\" data-widget_type=\"text-editor.default\">\n\t\t\t\t<div class=\"elementor-widget-container\">\n\t\t\t\t\t\t\t\t\t<h2>Varf\u00f6r BEEM sticker ut<\/h2><p>Med en unik blandning av expertis fr\u00e5n ledande rekryteringsbyr\u00e5er \u2013 som Nordic HR, Hjorton AB och Scandic Rekruttering \u2013 \u00e4r BEEM-partnerskapet byggt f\u00f6r att tillhandah\u00e5lla helt\u00e4ckande, efterlevnadsv\u00e4nliga och skalbara l\u00f6sningar f\u00f6r f\u00f6retag som s\u00f6ker topptalanger.a<\/p>\t\t\t\t\t\t\t\t<\/div>\n\t\t\t\t<\/div>\n\t\t\t\t<div class=\"elementor-element elementor-element-c5bb1a2 bluheading elementor-widget elementor-widget-text-editor\" data-id=\"c5bb1a2\" data-element_type=\"widget\" data-e-type=\"widget\" data-widget_type=\"text-editor.default\">\n\t\t\t\t<div class=\"elementor-widget-container\">\n\t\t\t\t\t\t\t\t\t<h2>Kontakta oss<\/h2><p>Kontakta oss f\u00f6r att f\u00e5 veta mer om hur BEEM-partnerskapet kan st\u00f6dja din f\u00f6retagstillv\u00e4xt.<\/p><p><strong>E-post:<\/strong>\u00a0info@scandicrekruttering.com<\/p><p><strong>Telefon:<\/strong> +47 481 78 509<\/p>\t\t\t\t\t\t\t\t<\/div>\n\t\t\t\t<\/div>\n\t\t\t\t\t<\/div>\n\t\t<\/div>\n\t\t\t\t\t<\/div>\n\t\t<\/section>\n\t\t\t\t<\/div>\n\t\t","protected":false},"excerpt":{"rendered":"<p>BEEM-partnerskapsprogrammet Innovativa HR- och rekryteringsl\u00f6sningar i samarbete med Nordic HR, Hjorton AB och Scandic HR Ltd (Storbritannien) Om BEEM BEEM-partnerskapet \u00e4r utformat f\u00f6r att revolutionera HR och rekrytering genom att kombinera expertisen fr\u00e5n den nordiska arbetskulturen och Scandic Rekruttering. Genom spetsteknologi levererar vi skr\u00e4ddarsydda HR-l\u00f6sningar anpassade efter era aff\u00e4rsbehov, oavsett om de \u00e4r lokala eller globala. Varf\u00f6r v\u00e4lja BEEM? Globalt n\u00e4tverk:\u00a0Tillg\u00e5ng till de b\u00e4sta talangpoolerna i hela Europa, med fokus p\u00e5 Norge, Sverige och Storbritannien. Anpassade l\u00f6sningar:\u00a0Skr\u00e4ddarsydda HR-strategier f\u00f6r att passa f\u00f6retag av alla storlekar, fr\u00e5n startups till multinationella f\u00f6retag. Skalbar och flexibel:\u00a0Vi erbjuder anpassningsbara tj\u00e4nster f\u00f6r projektbaserad, tillf\u00e4llig eller permanent bemanning. Internationell rekrytering:\u00a0Omfattande visum- och arbetstillst\u00e5ndsl\u00f6sningar f\u00f6r f\u00f6retag som anst\u00e4ller utanf\u00f6r sina heml\u00e4nder. V\u00e5ra viktigaste tj\u00e4nster Rekrytering f\u00f6r hela cykeln:\u00a0Helhetsl\u00f6sningar f\u00f6r rekrytering som s\u00e4kerst\u00e4ller den perfekta matchningen f\u00f6r dina aff\u00e4rsbehov. HR-konsultation:\u00a0Professionell r\u00e5dgivning f\u00f6r att optimera din HR-strategi och f\u00f6rb\u00e4ttra medarbetarnas engagemang. Tillf\u00e4llig och kontrakterad bemanning:\u00a0Flexibla bemanningsalternativ f\u00f6r dina kortsiktiga eller projektm\u00e4ssiga behov. Internationell talangf\u00f6rv\u00e4rv:\u00a0Underl\u00e4ttning av global rekrytering med visum- och arbetstillst\u00e5ndshantering. Efterlevnad och l\u00f6nehantering:\u00a0S\u00e4kerst\u00e4ll efterlevnad av lagar och regler i flera regioner med s\u00f6ml\u00f6s l\u00f6nehantering. Varf\u00f6r BEEM sticker ut Med en unik blandning av expertis fr\u00e5n ledande rekryteringsbyr\u00e5er \u2013 som Nordic HR, Hjorton AB och Scandic Rekruttering \u2013 \u00e4r&#8230;.<\/p>\n","protected":false},"author":2,"featured_media":0,"parent":0,"menu_order":0,"comment_status":"closed","ping_status":"closed","template":"","meta":{"footnotes":""},"class_list":["post-224039","page","type-page","status-publish","hentry"],"_links":{"self":[{"href":"https:\/\/scandicrekruttering.com\/sv\/wp-json\/wp\/v2\/pages\/224039","targetHints":{"allow":["GET"]}}],"collection":[{"href":"https:\/\/scandicrekruttering.com\/sv\/wp-json\/wp\/v2\/pages"}],"about":[{"href":"https:\/\/scandicrekruttering.com\/sv\/wp-json\/wp\/v2\/types\/page"}],"author":[{"embeddable":true,"href":"https:\/\/scandicrekruttering.com\/sv\/wp-json\/wp\/v2\/users\/2"}],"replies":[{"embeddable":true,"href":"https:\/\/scandicrekruttering.com\/sv\/wp-json\/wp\/v2\/comments?post=224039"}],"version-history":[{"count":9,"href":"https:\/\/scandicrekruttering.com\/sv\/wp-json\/wp\/v2\/pages\/224039\/revisions"}],"predecessor-version":[{"id":224672,"href":"https:\/\/scandicrekruttering.com\/sv\/wp-json\/wp\/v2\/pages\/224039\/revisions\/224672"}],"wp:attachment":[{"href":"https:\/\/scandicrekruttering.com\/sv\/wp-json\/wp\/v2\/media?parent=224039"}],"curies":[{"name":"wp","href":"https:\/\/api.w.org\/{rel}","templated":true}]}}